{"id":2338,"date":"2017-03-27T13:02:53","date_gmt":"2017-03-27T11:02:53","guid":{"rendered":"http:\/\/designmuseum.dk\/en\/?page_id=2338"},"modified":"2017-04-03T09:44:11","modified_gmt":"2017-04-03T07:44:11","slug":"gunnar-aagaard-andersen","status":"publish","type":"page","link":"https:\/\/designmuseum.dk\/en\/bibliotek\/i-fokus\/gunnar-aagaard-andersen\/","title":{"rendered":"Gunnar Aagaard Andersen"},"content":{"rendered":"<p>Billedkunstneren Gunnar Aagaard Andersen (1919-1982) havde en sp\u00e6ndvidde ud over det s\u00e6dvanlige. Foruden at arbejde med maleri, skulptur og lyskunst bev\u00e6gede han sig frygtl\u00f8st ind p\u00e5 arkitekturens og brugskunstens dom\u00e6ner. Ikke kun for at f\u00e5 sm\u00f8r p\u00e5 br\u00f8det, men ogs\u00e5 fordi han ikke kunne lade v\u00e6re. Kunsten skulle ud til folket, den skulle bruges til noget og g\u00f8re samfundet bedre.<\/p>\n<p>I et nyt stort bogv\u00e6rk af kunsthistorikeren Vibeke Petersen Gether kommer man hele vejen rundt om Aagaard Andersens virke som kunstner, designer, arkitekt og debatt\u00f8r. Han er umulig at s\u00e6tte i b\u00e5s, og produktionen er enorm. Som et intellektuelt legebarn arbejdede Aagaard Andersen systematisk og eksperimenterende med alt, hvad han r\u00f8rte ved, uanset om han designede t\u00e6pper for firmaet Unika-V\u00e6v, tapetm\u00f8nstre for tapetfabrikken Rodia eller afs\u00f8gte det konkrete abstrakte maleris virkemidler.<\/p>\n<p><img decoding=\"async\" class=\"alignnone size-medium wp-image-2340 lazyload\" data-src=\"http:\/\/designmuseum.dk\/wp-content\/uploads\/sites\/5\/2017\/01\/MF_marts2017_stribe2-300x125.jpg\" alt=\"\" width=\"300\" height=\"125\" data-srcset=\"https:\/\/designmuseum.dk\/en\/wp-content\/uploads\/sites\/5\/2017\/01\/MF_marts2017_stribe2-300x125.jpg 300w, https:\/\/designmuseum.dk\/en\/wp-content\/uploads\/sites\/5\/2017\/01\/MF_marts2017_stribe2.jpg 600w\" data-sizes=\"(max-width: 300px) 100vw, 300px\" src=\"data:image\/svg+xml;base64,PHN2ZyB3aWR0aD0iMSIgaGVpZ2h0PSIxIiB4bWxucz0iaHR0cDovL3d3dy53My5vcmcvMjAwMC9zdmciPjwvc3ZnPg==\" style=\"--smush-placeholder-width: 300px; --smush-placeholder-aspect-ratio: 300\/125;\" \/><\/p>\n<p><em>Tapet i to farvestillinger tegnet for Rodia i 1950\u2019erne (udsnit), tapetpr\u00f8vebog fra butikken Ny Tapetkunst, Designmuseets Bibliotek<\/em><\/p>\n<p><strong>\u201dSkumm\u00f8blerne\u201d<\/strong><\/p>\n<p>I 1963 fik Gunnar Aagaard Andersen en invitation til at udstille i Kunstindustrimuseet (nu Designmuseum Danmark). Han havde l\u00e6nge haft en id\u00e9 om at skabe et m\u00f8bel, der var produceret i \u00e9n sammenh\u00e6ngende proces og form, og nu skulle det v\u00e6re. Efter utallige eksperimenter med skumplastmaterialet polyuretan kunne Aagaard Andersen i 1965 vise to hvide skumstole og en skumsofa p\u00e5 udstillingen \u201dVirkeligheden\u201d i Kunstindustrimuseet. M\u00f8blerne besad en foruroligende, monumental forml\u00f8shed og fremstod som ut\u00e6mmede m\u00f8bler p\u00e5 kanten til skulpturer. En slags anti-m\u00f8bler i opposition til sm\u00e5borgerligheden og p\u00e6nhedens \u00e6stetik: \u201dHvorfor skal brugskunst ikke have lov til at v\u00e6re grim \u2026 [\u2026]?\u201d spurgte han i et interview i 1969.<\/p>\n<p>I de f\u00f8lgende \u00e5r fortsatte Gunnar Aagaard Andersen arbejdet med polyuretan-m\u00f8blerne, nu i en sortbrun version, og stolen fik titlen \u201dPortr\u00e6t af min mors Chesterfield-stol\u201d. Allerede i 1966 anskaffede MoMA i New York og Stedelijk Museum i Amsterdam en stol hver, og det internationale gennembrud var en realitet. P\u00e5 grund af giftige dampe og eksplosionsfare var fremstillingsprocessen dog ikke ufarlig, og Aagaard Andersen m\u00e5tte stoppe efter i alt ti stole og to sofaer. Siden er polyuretan-stolen blevet h\u00e6dret med en plads i Kulturministeriets Kulturkanon (2006).<\/p>\n<p><img decoding=\"async\" class=\"alignnone size-medium wp-image-2341 lazyload\" data-src=\"http:\/\/designmuseum.dk\/wp-content\/uploads\/sites\/5\/2017\/01\/MF_marts2017_stribe3-300x125.jpg\" alt=\"\" width=\"300\" height=\"125\" data-srcset=\"https:\/\/designmuseum.dk\/en\/wp-content\/uploads\/sites\/5\/2017\/01\/MF_marts2017_stribe3-300x125.jpg 300w, https:\/\/designmuseum.dk\/en\/wp-content\/uploads\/sites\/5\/2017\/01\/MF_marts2017_stribe3.jpg 600w\" data-sizes=\"(max-width: 300px) 100vw, 300px\" src=\"data:image\/svg+xml;base64,PHN2ZyB3aWR0aD0iMSIgaGVpZ2h0PSIxIiB4bWxucz0iaHR0cDovL3d3dy53My5vcmcvMjAwMC9zdmciPjwvc3ZnPg==\" style=\"--smush-placeholder-width: 300px; --smush-placeholder-aspect-ratio: 300\/125;\" \/><\/p>\n<p><em>Tv.: forside af Mobilia nr. 76, 1961, designet af Aagaard Andersen. Th.: to originale rivebilleder, Arkiv for Dansk Design, Designmuseets Bibliotek<\/em><\/p>\n<p><strong>Gunnar Aagaard Andersen i Designmuseum Danmark<\/strong><br \/>\nHvis man t\u00f8r, kan man stille sig ansigt til ansigt med Aagaard Andersens polyuretan-stol i Designmuseets sydfl\u00f8j, hvor den i dag er opstillet sammen med to andre stole designet af Aagaard Andersen. Eller man kan bes\u00f8ge biblioteket og se eksempler p\u00e5 hans tapetdesign i tapetpr\u00f8veb\u00f8ger. Her kan man ogs\u00e5 bladre i tidsskriftet <em>Mobilia<\/em>, som Gunnar Aagaard Andersen var medredakt\u00f8r og grafisk tilrettel\u00e6gger af gennem en \u00e5rr\u00e6kke. Et bes\u00f8g i Arkiv for Dansk Design kan ogs\u00e5 anbefales \u2013 her kan man bl.a. se originale skitser til bestik for A. Michelsen og en lille samling \u201drivebilleder\u201d i papir.<\/p>\n<p>Litteratur:<br \/>\nVibeke Petersen Gether (2016): <em>GAaA : Gunnar Aagaard Andersen<\/em>. K\u00f8benhavn: Strandberg Publishing<\/p>\n<p><em>Sara Fruelund \/ Designmuseets Bibliotek<\/em><\/p>\n<p>&nbsp;<\/p>\n","protected":false},"excerpt":{"rendered":"<p>Billedkunstneren Gunnar Aagaard Andersen (1919-1982) havde en sp\u00e6ndvidde ud over det s\u00e6dvanlige. Foruden at arbejde med maleri, skulptur og lyskunst bev\u00e6gede han sig frygtl\u00f8st ind p\u00e5 arkitekturens og brugskunstens dom\u00e6ner. Ikke kun for at f\u00e5 sm\u00f8r p\u00e5 br\u00f8det, men ogs\u00e5 fordi han ikke kunne lade v\u00e6re. Kunsten skulle ud til folket, den skulle bruges til [&hellip;]<\/p>\n","protected":false},"author":4,"featured_media":0,"parent":130,"menu_order":0,"comment_status":"closed","ping_status":"closed","template":"","meta":{"_acf_changed":false,"footnotes":""},"class_list":["post-2338","page","type-page","status-publish","hentry"],"acf":[],"yoast_head":"<!-- This site is optimized with the Yoast SEO plugin v27.4 - https:\/\/yoast.com\/product\/yoast-seo-wordpress\/ -->\n<title>Gunnar Aagaard Andersen - Design Museum Denmark<\/title>\n<meta name=\"robots\" content=\"index, follow, max-snippet:-1, max-image-preview:large, max-video-preview:-1\" \/>\n<link rel=\"canonical\" href=\"https:\/\/designmuseum.dk\/en\/bibliotek\/i-fokus\/gunnar-aagaard-andersen\/\" \/>\n<meta property=\"og:locale\" content=\"en_US\" \/>\n<meta property=\"og:type\" content=\"article\" \/>\n<meta property=\"og:title\" content=\"Gunnar Aagaard Andersen - Design Museum Denmark\" \/>\n<meta property=\"og:description\" content=\"Billedkunstneren Gunnar Aagaard Andersen (1919-1982) havde en sp\u00e6ndvidde ud over det s\u00e6dvanlige. Foruden at arbejde med maleri, skulptur og lyskunst bev\u00e6gede han sig frygtl\u00f8st ind p\u00e5 arkitekturens og brugskunstens dom\u00e6ner. Ikke kun for at f\u00e5 sm\u00f8r p\u00e5 br\u00f8det, men ogs\u00e5 fordi han ikke kunne lade v\u00e6re. Kunsten skulle ud til folket, den skulle bruges til [&hellip;]\" \/>\n<meta property=\"og:url\" content=\"https:\/\/designmuseum.dk\/en\/bibliotek\/i-fokus\/gunnar-aagaard-andersen\/\" \/>\n<meta property=\"og:site_name\" content=\"Design Museum Denmark\" \/>\n<meta property=\"article:modified_time\" content=\"2017-04-03T07:44:11+00:00\" \/>\n<meta property=\"og:image\" content=\"http:\/\/designmuseum.dk\/wp-content\/uploads\/sites\/5\/2017\/01\/MF_marts2017_stribe2-300x125.jpg\" \/>\n<meta name=\"twitter:card\" content=\"summary_large_image\" \/>\n<meta name=\"twitter:label1\" content=\"Est. reading time\" \/>\n\t<meta name=\"twitter:data1\" content=\"3 minutes\" \/>\n<script type=\"application\/ld+json\" class=\"yoast-schema-graph\">{\"@context\":\"https:\\\/\\\/schema.org\",\"@graph\":[{\"@type\":\"WebPage\",\"@id\":\"https:\\\/\\\/designmuseum.dk\\\/en\\\/bibliotek\\\/i-fokus\\\/gunnar-aagaard-andersen\\\/\",\"url\":\"https:\\\/\\\/designmuseum.dk\\\/en\\\/bibliotek\\\/i-fokus\\\/gunnar-aagaard-andersen\\\/\",\"name\":\"Gunnar Aagaard Andersen - Design Museum Denmark\",\"isPartOf\":{\"@id\":\"https:\\\/\\\/designmuseum.dk\\\/en\\\/#website\"},\"primaryImageOfPage\":{\"@id\":\"https:\\\/\\\/designmuseum.dk\\\/en\\\/bibliotek\\\/i-fokus\\\/gunnar-aagaard-andersen\\\/#primaryimage\"},\"image\":{\"@id\":\"https:\\\/\\\/designmuseum.dk\\\/en\\\/bibliotek\\\/i-fokus\\\/gunnar-aagaard-andersen\\\/#primaryimage\"},\"thumbnailUrl\":\"http:\\\/\\\/designmuseum.dk\\\/wp-content\\\/uploads\\\/sites\\\/5\\\/2017\\\/01\\\/MF_marts2017_stribe2-300x125.jpg\",\"datePublished\":\"2017-03-27T11:02:53+00:00\",\"dateModified\":\"2017-04-03T07:44:11+00:00\",\"breadcrumb\":{\"@id\":\"https:\\\/\\\/designmuseum.dk\\\/en\\\/bibliotek\\\/i-fokus\\\/gunnar-aagaard-andersen\\\/#breadcrumb\"},\"inLanguage\":\"en-US\",\"potentialAction\":[{\"@type\":\"ReadAction\",\"target\":[\"https:\\\/\\\/designmuseum.dk\\\/en\\\/bibliotek\\\/i-fokus\\\/gunnar-aagaard-andersen\\\/\"]}]},{\"@type\":\"ImageObject\",\"inLanguage\":\"en-US\",\"@id\":\"https:\\\/\\\/designmuseum.dk\\\/en\\\/bibliotek\\\/i-fokus\\\/gunnar-aagaard-andersen\\\/#primaryimage\",\"url\":\"http:\\\/\\\/designmuseum.dk\\\/wp-content\\\/uploads\\\/sites\\\/5\\\/2017\\\/01\\\/MF_marts2017_stribe2-300x125.jpg\",\"contentUrl\":\"http:\\\/\\\/designmuseum.dk\\\/wp-content\\\/uploads\\\/sites\\\/5\\\/2017\\\/01\\\/MF_marts2017_stribe2-300x125.jpg\"},{\"@type\":\"BreadcrumbList\",\"@id\":\"https:\\\/\\\/designmuseum.dk\\\/en\\\/bibliotek\\\/i-fokus\\\/gunnar-aagaard-andersen\\\/#breadcrumb\",\"itemListElement\":[{\"@type\":\"ListItem\",\"position\":1,\"name\":\"Home\",\"item\":\"https:\\\/\\\/designmuseum.dk\\\/en\\\/\"},{\"@type\":\"ListItem\",\"position\":2,\"name\":\"Bibliotek\",\"item\":\"https:\\\/\\\/designmuseum.dk\\\/en\\\/bibliotek\\\/\"},{\"@type\":\"ListItem\",\"position\":3,\"name\":\"I fokus\",\"item\":\"https:\\\/\\\/designmuseum.dk\\\/en\\\/bibliotek\\\/i-fokus\\\/\"},{\"@type\":\"ListItem\",\"position\":4,\"name\":\"Gunnar Aagaard Andersen\"}]},{\"@type\":\"WebSite\",\"@id\":\"https:\\\/\\\/designmuseum.dk\\\/en\\\/#website\",\"url\":\"https:\\\/\\\/designmuseum.dk\\\/en\\\/\",\"name\":\"Design Museum Denmark\",\"description\":\"\",\"potentialAction\":[{\"@type\":\"SearchAction\",\"target\":{\"@type\":\"EntryPoint\",\"urlTemplate\":\"https:\\\/\\\/designmuseum.dk\\\/en\\\/?s={search_term_string}\"},\"query-input\":{\"@type\":\"PropertyValueSpecification\",\"valueRequired\":true,\"valueName\":\"search_term_string\"}}],\"inLanguage\":\"en-US\"}]}<\/script>\n<!-- \/ Yoast SEO plugin. -->","yoast_head_json":{"title":"Gunnar Aagaard Andersen - Design Museum Denmark","robots":{"index":"index","follow":"follow","max-snippet":"max-snippet:-1","max-image-preview":"max-image-preview:large","max-video-preview":"max-video-preview:-1"},"canonical":"https:\/\/designmuseum.dk\/en\/bibliotek\/i-fokus\/gunnar-aagaard-andersen\/","og_locale":"en_US","og_type":"article","og_title":"Gunnar Aagaard Andersen - Design Museum Denmark","og_description":"Billedkunstneren Gunnar Aagaard Andersen (1919-1982) havde en sp\u00e6ndvidde ud over det s\u00e6dvanlige. Foruden at arbejde med maleri, skulptur og lyskunst bev\u00e6gede han sig frygtl\u00f8st ind p\u00e5 arkitekturens og brugskunstens dom\u00e6ner. Ikke kun for at f\u00e5 sm\u00f8r p\u00e5 br\u00f8det, men ogs\u00e5 fordi han ikke kunne lade v\u00e6re. Kunsten skulle ud til folket, den skulle bruges til [&hellip;]","og_url":"https:\/\/designmuseum.dk\/en\/bibliotek\/i-fokus\/gunnar-aagaard-andersen\/","og_site_name":"Design Museum Denmark","article_modified_time":"2017-04-03T07:44:11+00:00","og_image":[{"url":"http:\/\/designmuseum.dk\/wp-content\/uploads\/sites\/5\/2017\/01\/MF_marts2017_stribe2-300x125.jpg","type":"","width":"","height":""}],"twitter_card":"summary_large_image","twitter_misc":{"Est. reading time":"3 minutes"},"schema":{"@context":"https:\/\/schema.org","@graph":[{"@type":"WebPage","@id":"https:\/\/designmuseum.dk\/en\/bibliotek\/i-fokus\/gunnar-aagaard-andersen\/","url":"https:\/\/designmuseum.dk\/en\/bibliotek\/i-fokus\/gunnar-aagaard-andersen\/","name":"Gunnar Aagaard Andersen - Design Museum Denmark","isPartOf":{"@id":"https:\/\/designmuseum.dk\/en\/#website"},"primaryImageOfPage":{"@id":"https:\/\/designmuseum.dk\/en\/bibliotek\/i-fokus\/gunnar-aagaard-andersen\/#primaryimage"},"image":{"@id":"https:\/\/designmuseum.dk\/en\/bibliotek\/i-fokus\/gunnar-aagaard-andersen\/#primaryimage"},"thumbnailUrl":"http:\/\/designmuseum.dk\/wp-content\/uploads\/sites\/5\/2017\/01\/MF_marts2017_stribe2-300x125.jpg","datePublished":"2017-03-27T11:02:53+00:00","dateModified":"2017-04-03T07:44:11+00:00","breadcrumb":{"@id":"https:\/\/designmuseum.dk\/en\/bibliotek\/i-fokus\/gunnar-aagaard-andersen\/#breadcrumb"},"inLanguage":"en-US","potentialAction":[{"@type":"ReadAction","target":["https:\/\/designmuseum.dk\/en\/bibliotek\/i-fokus\/gunnar-aagaard-andersen\/"]}]},{"@type":"ImageObject","inLanguage":"en-US","@id":"https:\/\/designmuseum.dk\/en\/bibliotek\/i-fokus\/gunnar-aagaard-andersen\/#primaryimage","url":"http:\/\/designmuseum.dk\/wp-content\/uploads\/sites\/5\/2017\/01\/MF_marts2017_stribe2-300x125.jpg","contentUrl":"http:\/\/designmuseum.dk\/wp-content\/uploads\/sites\/5\/2017\/01\/MF_marts2017_stribe2-300x125.jpg"},{"@type":"BreadcrumbList","@id":"https:\/\/designmuseum.dk\/en\/bibliotek\/i-fokus\/gunnar-aagaard-andersen\/#breadcrumb","itemListElement":[{"@type":"ListItem","position":1,"name":"Home","item":"https:\/\/designmuseum.dk\/en\/"},{"@type":"ListItem","position":2,"name":"Bibliotek","item":"https:\/\/designmuseum.dk\/en\/bibliotek\/"},{"@type":"ListItem","position":3,"name":"I fokus","item":"https:\/\/designmuseum.dk\/en\/bibliotek\/i-fokus\/"},{"@type":"ListItem","position":4,"name":"Gunnar Aagaard Andersen"}]},{"@type":"WebSite","@id":"https:\/\/designmuseum.dk\/en\/#website","url":"https:\/\/designmuseum.dk\/en\/","name":"Design Museum Denmark","description":"","potentialAction":[{"@type":"SearchAction","target":{"@type":"EntryPoint","urlTemplate":"https:\/\/designmuseum.dk\/en\/?s={search_term_string}"},"query-input":{"@type":"PropertyValueSpecification","valueRequired":true,"valueName":"search_term_string"}}],"inLanguage":"en-US"}]}},"_links":{"self":[{"href":"https:\/\/designmuseum.dk\/en\/wp-json\/wp\/v2\/pages\/2338","targetHints":{"allow":["GET"]}}],"collection":[{"href":"https:\/\/designmuseum.dk\/en\/wp-json\/wp\/v2\/pages"}],"about":[{"href":"https:\/\/designmuseum.dk\/en\/wp-json\/wp\/v2\/types\/page"}],"author":[{"embeddable":true,"href":"https:\/\/designmuseum.dk\/en\/wp-json\/wp\/v2\/users\/4"}],"replies":[{"embeddable":true,"href":"https:\/\/designmuseum.dk\/en\/wp-json\/wp\/v2\/comments?post=2338"}],"version-history":[{"count":0,"href":"https:\/\/designmuseum.dk\/en\/wp-json\/wp\/v2\/pages\/2338\/revisions"}],"up":[{"embeddable":true,"href":"https:\/\/designmuseum.dk\/en\/wp-json\/wp\/v2\/pages\/130"}],"wp:attachment":[{"href":"https:\/\/designmuseum.dk\/en\/wp-json\/wp\/v2\/media?parent=2338"}],"curies":[{"name":"wp","href":"https:\/\/api.w.org\/{rel}","templated":true}]}}