{"id":2900,"date":"2017-04-02T19:36:39","date_gmt":"2017-04-02T17:36:39","guid":{"rendered":"http:\/\/designmuseum.dk\/en\/?page_id=2900"},"modified":"2017-04-05T22:10:09","modified_gmt":"2017-04-05T20:10:09","slug":"design-skaber-dialog","status":"publish","type":"page","link":"https:\/\/designmuseum.dk\/en\/design-skaber-dialog\/","title":{"rendered":"Design skaber dialog"},"content":{"rendered":"<h3><strong>Pilotprojekt m\u00e5lrettet asyls\u00f8gende b\u00f8rn og unge<\/strong><\/h3>\n<p><em>21.03.2017<\/em><\/p>\n<p>I k\u00f8lvandet p\u00e5 flygtningekrisen har Designmuseum Danmark og R\u00f8de Kors-skolen, Skolen p\u00e5 Bakken, startet et samarbejde, hvor asylans\u00f8gende b\u00f8rn og unge m\u00f8des om design. De to parter mener nemlig, at design kan noget helt s\u00e6rligt i forhold til at skabe dialog og l\u00e6ring p\u00e5 tv\u00e6rs af kultur og sprog.<\/p>\n<p>Skitsetegning, stolekonstruktion og dialog om hverdagsdesign. Det er omdrejningspunkt for en gruppe asylans\u00f8gende b\u00f8rn, der en gang om ugen tager turen fra Lynge i Nordsj\u00e6lland til K\u00f8benhavn og Designmuseum Danmark, hvor der hele dagen st\u00e5r design p\u00e5 skoleskemaet.<\/p>\n<p>Som reaktion p\u00e5 de seneste \u00e5rs historiske flygtningekrise besluttede Designmuseum Danmark og R\u00f8de Kors-skolen, Skolen p\u00e5 Bakken, at lave et f\u00e6lles projekt for asylans\u00f8gere i alderen 6 \u2013 17 \u00e5r. Udover at danne ramme for et frirum, hvor de unge kan f\u00e5 en god oplevelse, kan design nemlig noget helt s\u00e6rligt i m\u00f8det med mennesker fra forskellige kulturer.<\/p>\n<p><em>\u201dKernen i projektet er at arbejde med de unge mennesker, der hvor de er. Design er en god indgangsvinkel, for alle kan tale med og genkende ting fra deres egen hverdag. Det genkendelige og det, at man kan bruge flere af sine sanser er vigtigt for at fremme dialogen og de sproglige kompetencer. Det g\u00f8r, at eleverne ikke f\u00f8ler sig fremmedgjorte over for det, vi taler om,\u201d<\/em> siger Lasse Larsson, der er leder af R\u00f8de Kors-skolen Skolen p\u00e5 Bakken.<\/p>\n<p>De unge bliver dermed m\u00f8dt med deres egne erfaringer, hvormed der opst\u00e5r en dialog om design \u2013 lige fra m\u00e5den hvorp\u00e5 et hjem eller en by er indrettet til det t\u00f8j, vi g\u00e5r med.<\/p>\n<p><em>\u201dForleden viste vi eleverne et billede af en cykelby med en madvogn p\u00e5. Straks var der en af eleverne, der sagde \u2018s\u00e5dan nogle har vi ogs\u00e5 i mit land\u2019, og s\u00e5 kunne vi tale sammen om det. Det giver selvv\u00e6rd at blive m\u00f8dt med genkendelse og p\u00e5 den m\u00e5de f\u00e5 en stemme og bidrage med det, man selv kender til. At kunne sige \u2018den kender jeg\u2019. D\u00e9r kan design noget helt s\u00e6rligt,\u201d<\/em> siger Kirsten Rotb\u00f8ll Lassen, der er underviser p\u00e5 Designmuseum Danmark og leder af projektet.<\/p>\n<p><strong>Design er kultur i bred forstand<\/strong><br \/>\nDanmark er kendt for sin lange designtradition og undervisningen tager afs\u00e6t i et bredt designbegreb, som b\u00e5de rummer de store koryf\u00e6er og hverdagens ting og sager.<\/p>\n<p><em>\u201dDesign er en del af det danske samfund. Vi har en lang tradition for at t\u00e6nke design \u2013 fra m\u00e5den vores samfund og vores byer er tilrettelagt p\u00e5, til de ting vi omgiver os med i hverdagen. Derfor er design m\u00e5ske ikke noget vi g\u00e5r og taler s\u00e5 meget om i vores hverdag, men det er noget, der ber\u00f8rer os alle og er en v\u00e6sentlig del af vores kulturarv,\u201d<\/em> udtaler museumsdirekt\u00f8r p\u00e5 Designmuseum Danmark, Anne-Louise Sommer.<\/p>\n<p><strong>Tryghed og fordybelse<\/strong><br \/>\nPilotprojektet er en stor succes. Fra at v\u00e6re et pilotprojekt der var afgr\u00e6nset til efter\u00e5ret 2016 har de to parter nu forl\u00e6nget samarbejdet til sommeren 2017. Over tid sker der en udvikling, hvor eleverne gradvis f\u00f8ler sig mere trygge.<\/p>\n<p><em>\u201dDet er tydeligt at m\u00e6rke, at eleverne bliver mere trygge ved os l\u00e6rere og undervisningen, og vi kan se, at de f\u00e5r nemmere ved at fordybe sig. Denne undervisning adskiller sig fra anden undervisning og det kr\u00e6ver nogle s\u00e6rlige kompetencer, som vi har brugt en del tid p\u00e5 at tilegne os,\u201d<\/em> siger Kirsten Rotb\u00f8ll Lassen.<\/p>\n<p>Museet har gennem flere \u00e5r udfordret skoleelever i undervisningsforl\u00f8b til at reflektere over design og proces og konstruere deres egne stole og byer i museets v\u00e6rksted. Derfor har formidlingsteamet oparbejdet en stor viden, n\u00e5r det g\u00e6lder undervisning af b\u00f8rn og unge.<\/p>\n<p><em>\u201dVi \u00f8nskede at anvende den ekspertise og de mange gode erfaringer, vi har gjort os med at bruge museet og vores moderne v\u00e6rkstedsfaciliteter som et l\u00e6ringsrum, til dette projekt. Tendensen til at museer \u00e5bner op for helt nye tiltag ses tydeligt internationalt. Og som et moderne museum f\u00f8lger vi udviklingen, og r\u00e6kker ud til flere m\u00e5lgrupper. Ogs\u00e5 dem der ikke n\u00f8dvendigvis kommer af sig selv. Herigennem er vi ogs\u00e5 med til at give noget tilbage til samfundet,\u201d<\/em> siger Anne-Louise Sommer.<\/p>\n<p>De seneste \u00e5r har museer som MoMA og Museum of Islamic Art i Berlin og herhjemme Nationalmuseet, <span class=\"caps\">SMK<\/span> og Louisiana haft fokus p\u00e5 flygtninge i forskellige formidlings- og udstillingstiltag.<\/p>\n<p><strong>Fakta om pilotprojektet<\/strong><\/p>\n<ul>\n<li>22 elever har modtaget undervisning i 2016 og projektet fors\u00e6tter i 2017.<\/li>\n<li>Pilotprojekt er et samararbejde mellem R\u00f8de Kors-skolen, Skolen p\u00e5 Bakken og Designmuseum Danmark.<\/li>\n<li>Museet har selv finansieret sin del af pilotprojektet og planl\u00e6gger at s\u00f8ge st\u00f8ttemidler til videreudvikling og forankring.<\/li>\n<li>Museet \u00f8nsker p\u00e5 sigt at udvikle flere undervisningstilbud, m\u00e5lrettet s\u00e5rbare b\u00f8rn og unge.<\/li>\n<\/ul>\n","protected":false},"excerpt":{"rendered":"<p>Pilotprojekt m\u00e5lrettet asyls\u00f8gende b\u00f8rn og unge 21.03.2017 I k\u00f8lvandet p\u00e5 flygtningekrisen har Designmuseum Danmark og R\u00f8de Kors-skolen, Skolen p\u00e5 Bakken, startet et samarbejde, hvor asylans\u00f8gende b\u00f8rn og unge m\u00f8des om design. De to parter mener nemlig, at design kan noget helt s\u00e6rligt i forhold til at skabe dialog og l\u00e6ring p\u00e5 tv\u00e6rs af kultur og [&hellip;]<\/p>\n","protected":false},"author":5,"featured_media":0,"parent":0,"menu_order":0,"comment_status":"closed","ping_status":"closed","template":"","meta":{"_acf_changed":false,"footnotes":""},"class_list":["post-2900","page","type-page","status-publish","hentry"],"acf":[],"yoast_head":"<!-- This site is optimized with the Yoast SEO plugin v27.3 - https:\/\/yoast.com\/product\/yoast-seo-wordpress\/ -->\n<title>Design skaber dialog - Design Museum Denmark<\/title>\n<meta name=\"robots\" content=\"index, follow, max-snippet:-1, max-image-preview:large, max-video-preview:-1\" \/>\n<link rel=\"canonical\" href=\"https:\/\/designmuseum.dk\/en\/press-archive__trashed\/design-skaber-dialog\/\" \/>\n<meta property=\"og:locale\" content=\"en_US\" \/>\n<meta property=\"og:type\" content=\"article\" \/>\n<meta property=\"og:title\" content=\"Design skaber dialog - Design Museum Denmark\" \/>\n<meta property=\"og:description\" content=\"Pilotprojekt m\u00e5lrettet asyls\u00f8gende b\u00f8rn og unge 21.03.2017 I k\u00f8lvandet p\u00e5 flygtningekrisen har Designmuseum Danmark og R\u00f8de Kors-skolen, Skolen p\u00e5 Bakken, startet et samarbejde, hvor asylans\u00f8gende b\u00f8rn og unge m\u00f8des om design. De to parter mener nemlig, at design kan noget helt s\u00e6rligt i forhold til at skabe dialog og l\u00e6ring p\u00e5 tv\u00e6rs af kultur og [&hellip;]\" \/>\n<meta property=\"og:url\" content=\"https:\/\/designmuseum.dk\/en\/press-archive__trashed\/design-skaber-dialog\/\" \/>\n<meta property=\"og:site_name\" content=\"Design Museum Denmark\" \/>\n<meta property=\"article:modified_time\" content=\"2017-04-05T20:10:09+00:00\" \/>\n<meta name=\"twitter:card\" content=\"summary_large_image\" \/>\n<meta name=\"twitter:label1\" content=\"Est. reading time\" \/>\n\t<meta name=\"twitter:data1\" content=\"4 minutes\" \/>\n<script type=\"application\/ld+json\" class=\"yoast-schema-graph\">{\"@context\":\"https:\\\/\\\/schema.org\",\"@graph\":[{\"@type\":\"WebPage\",\"@id\":\"https:\\\/\\\/designmuseum.dk\\\/en\\\/press-archive__trashed\\\/design-skaber-dialog\\\/\",\"url\":\"https:\\\/\\\/designmuseum.dk\\\/en\\\/press-archive__trashed\\\/design-skaber-dialog\\\/\",\"name\":\"Design skaber dialog - Design Museum Denmark\",\"isPartOf\":{\"@id\":\"https:\\\/\\\/designmuseum.dk\\\/en\\\/#website\"},\"datePublished\":\"2017-04-02T17:36:39+00:00\",\"dateModified\":\"2017-04-05T20:10:09+00:00\",\"breadcrumb\":{\"@id\":\"https:\\\/\\\/designmuseum.dk\\\/en\\\/press-archive__trashed\\\/design-skaber-dialog\\\/#breadcrumb\"},\"inLanguage\":\"en-US\",\"potentialAction\":[{\"@type\":\"ReadAction\",\"target\":[\"https:\\\/\\\/designmuseum.dk\\\/en\\\/press-archive__trashed\\\/design-skaber-dialog\\\/\"]}]},{\"@type\":\"BreadcrumbList\",\"@id\":\"https:\\\/\\\/designmuseum.dk\\\/en\\\/press-archive__trashed\\\/design-skaber-dialog\\\/#breadcrumb\",\"itemListElement\":[{\"@type\":\"ListItem\",\"position\":1,\"name\":\"Home\",\"item\":\"https:\\\/\\\/designmuseum.dk\\\/en\\\/\"},{\"@type\":\"ListItem\",\"position\":2,\"name\":\"Design skaber dialog\"}]},{\"@type\":\"WebSite\",\"@id\":\"https:\\\/\\\/designmuseum.dk\\\/en\\\/#website\",\"url\":\"https:\\\/\\\/designmuseum.dk\\\/en\\\/\",\"name\":\"Design Museum Denmark\",\"description\":\"\",\"potentialAction\":[{\"@type\":\"SearchAction\",\"target\":{\"@type\":\"EntryPoint\",\"urlTemplate\":\"https:\\\/\\\/designmuseum.dk\\\/en\\\/?s={search_term_string}\"},\"query-input\":{\"@type\":\"PropertyValueSpecification\",\"valueRequired\":true,\"valueName\":\"search_term_string\"}}],\"inLanguage\":\"en-US\"}]}<\/script>\n<!-- \/ Yoast SEO plugin. -->","yoast_head_json":{"title":"Design skaber dialog - Design Museum Denmark","robots":{"index":"index","follow":"follow","max-snippet":"max-snippet:-1","max-image-preview":"max-image-preview:large","max-video-preview":"max-video-preview:-1"},"canonical":"https:\/\/designmuseum.dk\/en\/press-archive__trashed\/design-skaber-dialog\/","og_locale":"en_US","og_type":"article","og_title":"Design skaber dialog - Design Museum Denmark","og_description":"Pilotprojekt m\u00e5lrettet asyls\u00f8gende b\u00f8rn og unge 21.03.2017 I k\u00f8lvandet p\u00e5 flygtningekrisen har Designmuseum Danmark og R\u00f8de Kors-skolen, Skolen p\u00e5 Bakken, startet et samarbejde, hvor asylans\u00f8gende b\u00f8rn og unge m\u00f8des om design. De to parter mener nemlig, at design kan noget helt s\u00e6rligt i forhold til at skabe dialog og l\u00e6ring p\u00e5 tv\u00e6rs af kultur og [&hellip;]","og_url":"https:\/\/designmuseum.dk\/en\/press-archive__trashed\/design-skaber-dialog\/","og_site_name":"Design Museum Denmark","article_modified_time":"2017-04-05T20:10:09+00:00","twitter_card":"summary_large_image","twitter_misc":{"Est. reading time":"4 minutes"},"schema":{"@context":"https:\/\/schema.org","@graph":[{"@type":"WebPage","@id":"https:\/\/designmuseum.dk\/en\/press-archive__trashed\/design-skaber-dialog\/","url":"https:\/\/designmuseum.dk\/en\/press-archive__trashed\/design-skaber-dialog\/","name":"Design skaber dialog - Design Museum Denmark","isPartOf":{"@id":"https:\/\/designmuseum.dk\/en\/#website"},"datePublished":"2017-04-02T17:36:39+00:00","dateModified":"2017-04-05T20:10:09+00:00","breadcrumb":{"@id":"https:\/\/designmuseum.dk\/en\/press-archive__trashed\/design-skaber-dialog\/#breadcrumb"},"inLanguage":"en-US","potentialAction":[{"@type":"ReadAction","target":["https:\/\/designmuseum.dk\/en\/press-archive__trashed\/design-skaber-dialog\/"]}]},{"@type":"BreadcrumbList","@id":"https:\/\/designmuseum.dk\/en\/press-archive__trashed\/design-skaber-dialog\/#breadcrumb","itemListElement":[{"@type":"ListItem","position":1,"name":"Home","item":"https:\/\/designmuseum.dk\/en\/"},{"@type":"ListItem","position":2,"name":"Design skaber dialog"}]},{"@type":"WebSite","@id":"https:\/\/designmuseum.dk\/en\/#website","url":"https:\/\/designmuseum.dk\/en\/","name":"Design Museum Denmark","description":"","potentialAction":[{"@type":"SearchAction","target":{"@type":"EntryPoint","urlTemplate":"https:\/\/designmuseum.dk\/en\/?s={search_term_string}"},"query-input":{"@type":"PropertyValueSpecification","valueRequired":true,"valueName":"search_term_string"}}],"inLanguage":"en-US"}]}},"_links":{"self":[{"href":"https:\/\/designmuseum.dk\/en\/wp-json\/wp\/v2\/pages\/2900","targetHints":{"allow":["GET"]}}],"collection":[{"href":"https:\/\/designmuseum.dk\/en\/wp-json\/wp\/v2\/pages"}],"about":[{"href":"https:\/\/designmuseum.dk\/en\/wp-json\/wp\/v2\/types\/page"}],"author":[{"embeddable":true,"href":"https:\/\/designmuseum.dk\/en\/wp-json\/wp\/v2\/users\/5"}],"replies":[{"embeddable":true,"href":"https:\/\/designmuseum.dk\/en\/wp-json\/wp\/v2\/comments?post=2900"}],"version-history":[{"count":0,"href":"https:\/\/designmuseum.dk\/en\/wp-json\/wp\/v2\/pages\/2900\/revisions"}],"wp:attachment":[{"href":"https:\/\/designmuseum.dk\/en\/wp-json\/wp\/v2\/media?parent=2900"}],"curies":[{"name":"wp","href":"https:\/\/api.w.org\/{rel}","templated":true}]}}