{"id":2913,"date":"2017-04-02T20:00:56","date_gmt":"2017-04-02T18:00:56","guid":{"rendered":"http:\/\/designmuseum.dk\/en\/?page_id=2913"},"modified":"2017-04-30T17:26:23","modified_gmt":"2017-04-30T15:26:23","slug":"learning-from-japan","status":"publish","type":"page","link":"https:\/\/designmuseum.dk\/en\/learning-from-japan\/","title":{"rendered":"Learning from Japan"},"content":{"rendered":"<p><em>11.08.2015<\/em><\/p>\n<h3><strong>Danish design learns from Japanese art <\/strong><\/h3>\n<p><em>The exhibition is on view from 8.11.2015 &#8211; fall 2018<\/em>.<\/p>\n<p>What do frogs, insects, and reptiles have to do with Danish craft and design? All will be revealed when Designmuseum Danmark opens its major autumn exhibition: Learning from Japan. Visitors will have an opportunity to explore the symbolic universe of Japanese art and learn how, over the years, Japan has been a significant source of inspiration for Danish crafts and design.<\/p>\n<p>This year Designmuseum Danmark celebrates its 125th anniversary. From the very start, the Museum devoted its efforts to collecting Japanese art by way of inspiration for Danish art and industry. In the decades around the turn of the 20th century, the finest Japanese applied art gave a conspicuous boost to Danish arts and crafts. This fascination continued throughout the 20th century, and today the connection between Japanese and Danish design is particularly alive.<\/p>\n<p><strong>The inspiration for the exhibition<\/strong><br \/>\nLearning from Japan will present the Museum\u2019s impressive Japanese collection alongside Japanese-inspired Danish arts and crafts, design, architecture and graphics. The Museum\u2019s various material groups will all be part of the exhibition, including objects that have only rarely been on display.<\/p>\n<p>The curator of the exhibition, the art historian Mirjam Gelfer-J\u00f8rgensen, Ph.D., who is also the author of the book, Influences from Japan in Danish Art and Design 1870-2010, says:<\/p>\n<p><em>\u201cThe encounter with Japanese art provided Danish art with stimuli, which were implemented practically in several areas of applied art. For Danish art, Japanism was a catalyst with a long-range and long-lasting effect. The trend was a major precondition for the modernism, which, in the course of the 20th century, turned Denmark into a design nation.\u201d<\/em><\/p>\n<p><strong>Lizards and flowing glaze<\/strong><br \/>\nThis comprehensive exhibition will deal with topics such as natural motifs in Japanese art; processes and materials; architecture and interior design; fashion and lighting; furniture and tableware. All were engendered by the encounter with Japanese art and crafts, but are now an integral part of Danish design.<\/p>\n<p>For example, visitors will get a chance to see: the Museum\u2019s collection of beautiful 18th-century Japanese woodcuts; unique graphic works from the book and picture collections; and pottery created using special Japanese techniques. A number of Danish potters tried their hand at the Japanese flowing glaze technique, investing their works with a particularly tactile and natural, almost painterly surface. Raku ware has also become popular with Danish potters. The technique dates back to 16th-century Kyoto, where it was mainly used in crafting bowls for the tea ceremony.<\/p>\n<p>Meanwhile, in the section devoted to architecture and interior decoration, visitors will see what an important role nature also played in this context. The similarity between Danish and Japanese applied art stems from both countries\u2019 lack of domestic minerals, metals, and fuels. Also, given that Japan is covered by rich forestland, wood has been a significant source for the design of houses and furniture. In Denmark, Japanese inspiration is particularly apparent in in the country\u2019s post-war, low-rise detached houses, constructed of domestic materials such as brick, tiles, and wood. Similarly, bourgeois interior decoration gave way to straw mats, rice-paper lamps and low seating, all of which encouraged a more informal lifestyle.<\/p>\n<p><strong>Learning from Japan<\/strong><br \/>\n\u2022 will run for two years, culminating in 2017 with the celebration of 150 years of diplomatic cooperation between Denmark and Japan. The anniversary will be organised in association with the Japanese Embassy.<\/p>\n<p>\u2022 is inspired by the book, Influences from Japan in Danish Art and Design 1870-2010, by Mirjam Gelfer-J\u00f8rgensen, Ph.D., who is also the curator of the exhibition. The book was published by Arkitektens Forlag in both Danish and English<\/p>\n<p>\u2022 will include more than 400 works, some of which have only ever rarely been shown to the public, if at all. A number of these works are part of the Museum\u2019s extensive collection of books and pictures<\/p>\n<p>\u2022 will present works by a number of Danish designers and craftspersons who, over the years, have drawn inspiration from Japanese art and design. They include: Thorvald Bindesb\u00f8ll, Patrick Nordstr\u00f8m, Poul Kj\u00e6rholm, Bodil Manz,, B\u00f8rge Mogensen, Jens Quistgaard, Hans Sandgren Jakobsen, Boris Berlin, Knud Holscher, Snorre Stephensen, Gertrud Vasegaard, Lis Ahlmann, Hans J. Wegner, Gunnar Biilmann Petersen and many more<\/p>\n","protected":false},"excerpt":{"rendered":"<p>11.08.2015 Danish design learns from Japanese art The exhibition is on view from 8.11.2015 &#8211; fall 2018. What do frogs, insects, and reptiles have to do with Danish craft and design? All will be revealed when Designmuseum Danmark opens its major autumn exhibition: Learning from Japan. Visitors will have an opportunity to explore the symbolic [&hellip;]<\/p>\n","protected":false},"author":5,"featured_media":0,"parent":0,"menu_order":0,"comment_status":"closed","ping_status":"closed","template":"","meta":{"_acf_changed":false,"footnotes":""},"class_list":["post-2913","page","type-page","status-publish","hentry"],"acf":[],"yoast_head":"<!-- This site is optimized with the Yoast SEO plugin v27.3 - https:\/\/yoast.com\/product\/yoast-seo-wordpress\/ -->\n<title>Learning from Japan - Design Museum Denmark<\/title>\n<meta name=\"robots\" content=\"index, follow, max-snippet:-1, max-image-preview:large, max-video-preview:-1\" \/>\n<link rel=\"canonical\" href=\"https:\/\/designmuseum.dk\/en\/press-archive__trashed\/learning-from-japan\/\" \/>\n<meta property=\"og:locale\" content=\"en_US\" \/>\n<meta property=\"og:type\" content=\"article\" \/>\n<meta property=\"og:title\" content=\"Learning from Japan - Design Museum Denmark\" \/>\n<meta property=\"og:description\" content=\"11.08.2015 Danish design learns from Japanese art The exhibition is on view from 8.11.2015 &#8211; fall 2018. What do frogs, insects, and reptiles have to do with Danish craft and design? All will be revealed when Designmuseum Danmark opens its major autumn exhibition: Learning from Japan. Visitors will have an opportunity to explore the symbolic [&hellip;]\" \/>\n<meta property=\"og:url\" content=\"https:\/\/designmuseum.dk\/en\/press-archive__trashed\/learning-from-japan\/\" \/>\n<meta property=\"og:site_name\" content=\"Design Museum Denmark\" \/>\n<meta property=\"article:modified_time\" content=\"2017-04-30T15:26:23+00:00\" \/>\n<meta name=\"twitter:card\" content=\"summary_large_image\" \/>\n<meta name=\"twitter:label1\" content=\"Est. reading time\" \/>\n\t<meta name=\"twitter:data1\" content=\"4 minutes\" \/>\n<script type=\"application\/ld+json\" class=\"yoast-schema-graph\">{\"@context\":\"https:\\\/\\\/schema.org\",\"@graph\":[{\"@type\":\"WebPage\",\"@id\":\"https:\\\/\\\/designmuseum.dk\\\/en\\\/press-archive__trashed\\\/learning-from-japan\\\/\",\"url\":\"https:\\\/\\\/designmuseum.dk\\\/en\\\/press-archive__trashed\\\/learning-from-japan\\\/\",\"name\":\"Learning from Japan - Design Museum Denmark\",\"isPartOf\":{\"@id\":\"https:\\\/\\\/designmuseum.dk\\\/en\\\/#website\"},\"datePublished\":\"2017-04-02T18:00:56+00:00\",\"dateModified\":\"2017-04-30T15:26:23+00:00\",\"breadcrumb\":{\"@id\":\"https:\\\/\\\/designmuseum.dk\\\/en\\\/press-archive__trashed\\\/learning-from-japan\\\/#breadcrumb\"},\"inLanguage\":\"en-US\",\"potentialAction\":[{\"@type\":\"ReadAction\",\"target\":[\"https:\\\/\\\/designmuseum.dk\\\/en\\\/press-archive__trashed\\\/learning-from-japan\\\/\"]}]},{\"@type\":\"BreadcrumbList\",\"@id\":\"https:\\\/\\\/designmuseum.dk\\\/en\\\/press-archive__trashed\\\/learning-from-japan\\\/#breadcrumb\",\"itemListElement\":[{\"@type\":\"ListItem\",\"position\":1,\"name\":\"Home\",\"item\":\"https:\\\/\\\/designmuseum.dk\\\/en\\\/\"},{\"@type\":\"ListItem\",\"position\":2,\"name\":\"Learning from Japan\"}]},{\"@type\":\"WebSite\",\"@id\":\"https:\\\/\\\/designmuseum.dk\\\/en\\\/#website\",\"url\":\"https:\\\/\\\/designmuseum.dk\\\/en\\\/\",\"name\":\"Design Museum Denmark\",\"description\":\"\",\"potentialAction\":[{\"@type\":\"SearchAction\",\"target\":{\"@type\":\"EntryPoint\",\"urlTemplate\":\"https:\\\/\\\/designmuseum.dk\\\/en\\\/?s={search_term_string}\"},\"query-input\":{\"@type\":\"PropertyValueSpecification\",\"valueRequired\":true,\"valueName\":\"search_term_string\"}}],\"inLanguage\":\"en-US\"}]}<\/script>\n<!-- \/ Yoast SEO plugin. -->","yoast_head_json":{"title":"Learning from Japan - Design Museum Denmark","robots":{"index":"index","follow":"follow","max-snippet":"max-snippet:-1","max-image-preview":"max-image-preview:large","max-video-preview":"max-video-preview:-1"},"canonical":"https:\/\/designmuseum.dk\/en\/press-archive__trashed\/learning-from-japan\/","og_locale":"en_US","og_type":"article","og_title":"Learning from Japan - Design Museum Denmark","og_description":"11.08.2015 Danish design learns from Japanese art The exhibition is on view from 8.11.2015 &#8211; fall 2018. What do frogs, insects, and reptiles have to do with Danish craft and design? All will be revealed when Designmuseum Danmark opens its major autumn exhibition: Learning from Japan. Visitors will have an opportunity to explore the symbolic [&hellip;]","og_url":"https:\/\/designmuseum.dk\/en\/press-archive__trashed\/learning-from-japan\/","og_site_name":"Design Museum Denmark","article_modified_time":"2017-04-30T15:26:23+00:00","twitter_card":"summary_large_image","twitter_misc":{"Est. reading time":"4 minutes"},"schema":{"@context":"https:\/\/schema.org","@graph":[{"@type":"WebPage","@id":"https:\/\/designmuseum.dk\/en\/press-archive__trashed\/learning-from-japan\/","url":"https:\/\/designmuseum.dk\/en\/press-archive__trashed\/learning-from-japan\/","name":"Learning from Japan - Design Museum Denmark","isPartOf":{"@id":"https:\/\/designmuseum.dk\/en\/#website"},"datePublished":"2017-04-02T18:00:56+00:00","dateModified":"2017-04-30T15:26:23+00:00","breadcrumb":{"@id":"https:\/\/designmuseum.dk\/en\/press-archive__trashed\/learning-from-japan\/#breadcrumb"},"inLanguage":"en-US","potentialAction":[{"@type":"ReadAction","target":["https:\/\/designmuseum.dk\/en\/press-archive__trashed\/learning-from-japan\/"]}]},{"@type":"BreadcrumbList","@id":"https:\/\/designmuseum.dk\/en\/press-archive__trashed\/learning-from-japan\/#breadcrumb","itemListElement":[{"@type":"ListItem","position":1,"name":"Home","item":"https:\/\/designmuseum.dk\/en\/"},{"@type":"ListItem","position":2,"name":"Learning from Japan"}]},{"@type":"WebSite","@id":"https:\/\/designmuseum.dk\/en\/#website","url":"https:\/\/designmuseum.dk\/en\/","name":"Design Museum Denmark","description":"","potentialAction":[{"@type":"SearchAction","target":{"@type":"EntryPoint","urlTemplate":"https:\/\/designmuseum.dk\/en\/?s={search_term_string}"},"query-input":{"@type":"PropertyValueSpecification","valueRequired":true,"valueName":"search_term_string"}}],"inLanguage":"en-US"}]}},"_links":{"self":[{"href":"https:\/\/designmuseum.dk\/en\/wp-json\/wp\/v2\/pages\/2913","targetHints":{"allow":["GET"]}}],"collection":[{"href":"https:\/\/designmuseum.dk\/en\/wp-json\/wp\/v2\/pages"}],"about":[{"href":"https:\/\/designmuseum.dk\/en\/wp-json\/wp\/v2\/types\/page"}],"author":[{"embeddable":true,"href":"https:\/\/designmuseum.dk\/en\/wp-json\/wp\/v2\/users\/5"}],"replies":[{"embeddable":true,"href":"https:\/\/designmuseum.dk\/en\/wp-json\/wp\/v2\/comments?post=2913"}],"version-history":[{"count":0,"href":"https:\/\/designmuseum.dk\/en\/wp-json\/wp\/v2\/pages\/2913\/revisions"}],"wp:attachment":[{"href":"https:\/\/designmuseum.dk\/en\/wp-json\/wp\/v2\/media?parent=2913"}],"curies":[{"name":"wp","href":"https:\/\/api.w.org\/{rel}","templated":true}]}}