{"id":510,"date":"2017-02-14T15:30:35","date_gmt":"2017-02-14T14:30:35","guid":{"rendered":"http:\/\/designmuseum.dk\/en\/?page_id=510"},"modified":"2026-03-06T11:04:14","modified_gmt":"2026-03-06T10:04:14","slug":"arkiv-dansk-design","status":"publish","type":"page","link":"https:\/\/designmuseum.dk\/en\/samlinger\/arkiv-dansk-design\/","title":{"rendered":"Prints and Drawings"},"content":{"rendered":"<p><strong>The software that runs the archive can no longer be upgraded. We are moving the archive database to a new system. The archive &#8216;Prints and Drawings&#8217; will be available again in a few months.<\/strong><\/p>\n<p>The collections in the archive &#8216;Prints and Drawings&#8217; document the design process that takes place before the finished design &#8211; from the Golden Age of design and craftsmanship to today&#8217;s handicrafts and industrial design. The collections serve as a tool for design research and design education, and the study hall in the archive is visited by students, researchers, and collectors, as well as personnel from Danish and foreign museums. We loan our materials to museums all over the world.<\/p>\n<p>In addition to sketch materials, the collection&#8217;s strength is printed graphic design, in particular from Denmark: visual identity, font design, packaging, artist books, and book covers.<\/p>\n<p>We collect original drawings and preliminary works of Danish designers and craftspeople, and in our newly acquired material, we look for a connection between sketch materials and the Designmuseum collections.<\/p>\n<p>The two most significant graphic collections in the archive are an extensive collection of Japanese color woodcuts and Japanese book crafts, along with a new collection of Danish and international record covers.<\/p>\n<p>The collections in the archive &#8216;Prints and Drawings&#8217; also include a significant and very broad selection of European ornamental engravings from the 16th and 17th centuries.<\/p>\n<p>Among the major names represented are: G.F. Hetsch, Johan Rohde and Thorvald Bindesb\u00f8ll, Knud V. Engelhardt, Poul Henningsen and Marie Gudme Leth, Finn Juhl, Poul Kj\u00e6rholm and Grete Jalk, Erik Mortensen and Lennart Raaholt, Bernadotte and Bj\u00f8rn, Jacob Jensen and Jan Tr\u00e4g\u00e5rdh, Gunnar Biilmann-Petersen, Claus Achton Friis and Johan Adam Linneballe, Karen Bennicke, Ole Jensen and Cecilie Manz.<\/p>\n","protected":false},"excerpt":{"rendered":"<p>The software that runs the archive can no longer be upgraded. We are moving the archive database to a new system. The archive &#8216;Prints and Drawings&#8217; will be available again in a few months. The collections in the archive &#8216;Prints and Drawings&#8217; document the design process that takes place before the finished design &#8211; from [&hellip;]<\/p>\n","protected":false},"author":5,"featured_media":0,"parent":70,"menu_order":0,"comment_status":"closed","ping_status":"closed","template":"","meta":{"_acf_changed":false,"footnotes":""},"class_list":["post-510","page","type-page","status-publish","hentry"],"acf":[],"yoast_head":"<!-- This site is optimized with the Yoast SEO plugin v27.3 - https:\/\/yoast.com\/product\/yoast-seo-wordpress\/ -->\n<title>Prints and Drawings - Design Museum Denmark<\/title>\n<meta name=\"robots\" content=\"index, follow, max-snippet:-1, max-image-preview:large, max-video-preview:-1\" \/>\n<link rel=\"canonical\" href=\"https:\/\/designmuseum.dk\/en\/samlinger\/arkiv-dansk-design\/\" \/>\n<meta property=\"og:locale\" content=\"en_US\" \/>\n<meta property=\"og:type\" content=\"article\" \/>\n<meta property=\"og:title\" content=\"Prints and Drawings - Design Museum Denmark\" \/>\n<meta property=\"og:description\" content=\"The software that runs the archive can no longer be upgraded. We are moving the archive database to a new system. The archive &#8216;Prints and Drawings&#8217; will be available again in a few months. The collections in the archive &#8216;Prints and Drawings&#8217; document the design process that takes place before the finished design &#8211; from [&hellip;]\" \/>\n<meta property=\"og:url\" content=\"https:\/\/designmuseum.dk\/en\/samlinger\/arkiv-dansk-design\/\" \/>\n<meta property=\"og:site_name\" content=\"Design Museum Denmark\" \/>\n<meta property=\"article:modified_time\" content=\"2026-03-06T10:04:14+00:00\" \/>\n<meta name=\"twitter:card\" content=\"summary_large_image\" \/>\n<meta name=\"twitter:label1\" content=\"Est. reading time\" \/>\n\t<meta name=\"twitter:data1\" content=\"2 minutes\" \/>\n<script type=\"application\/ld+json\" class=\"yoast-schema-graph\">{\"@context\":\"https:\\\/\\\/schema.org\",\"@graph\":[{\"@type\":\"WebPage\",\"@id\":\"https:\\\/\\\/designmuseum.dk\\\/en\\\/samlinger\\\/arkiv-dansk-design\\\/\",\"url\":\"https:\\\/\\\/designmuseum.dk\\\/en\\\/samlinger\\\/arkiv-dansk-design\\\/\",\"name\":\"Prints and Drawings - Design Museum Denmark\",\"isPartOf\":{\"@id\":\"https:\\\/\\\/designmuseum.dk\\\/en\\\/#website\"},\"datePublished\":\"2017-02-14T14:30:35+00:00\",\"dateModified\":\"2026-03-06T10:04:14+00:00\",\"breadcrumb\":{\"@id\":\"https:\\\/\\\/designmuseum.dk\\\/en\\\/samlinger\\\/arkiv-dansk-design\\\/#breadcrumb\"},\"inLanguage\":\"en-US\",\"potentialAction\":[{\"@type\":\"ReadAction\",\"target\":[\"https:\\\/\\\/designmuseum.dk\\\/en\\\/samlinger\\\/arkiv-dansk-design\\\/\"]}]},{\"@type\":\"BreadcrumbList\",\"@id\":\"https:\\\/\\\/designmuseum.dk\\\/en\\\/samlinger\\\/arkiv-dansk-design\\\/#breadcrumb\",\"itemListElement\":[{\"@type\":\"ListItem\",\"position\":1,\"name\":\"Home\",\"item\":\"https:\\\/\\\/designmuseum.dk\\\/en\\\/\"},{\"@type\":\"ListItem\",\"position\":2,\"name\":\"Samlinger\",\"item\":\"https:\\\/\\\/designmuseum.dk\\\/en\\\/samlinger\\\/\"},{\"@type\":\"ListItem\",\"position\":3,\"name\":\"Prints and Drawings\"}]},{\"@type\":\"WebSite\",\"@id\":\"https:\\\/\\\/designmuseum.dk\\\/en\\\/#website\",\"url\":\"https:\\\/\\\/designmuseum.dk\\\/en\\\/\",\"name\":\"Design Museum Denmark\",\"description\":\"\",\"potentialAction\":[{\"@type\":\"SearchAction\",\"target\":{\"@type\":\"EntryPoint\",\"urlTemplate\":\"https:\\\/\\\/designmuseum.dk\\\/en\\\/?s={search_term_string}\"},\"query-input\":{\"@type\":\"PropertyValueSpecification\",\"valueRequired\":true,\"valueName\":\"search_term_string\"}}],\"inLanguage\":\"en-US\"}]}<\/script>\n<!-- \/ Yoast SEO plugin. -->","yoast_head_json":{"title":"Prints and Drawings - Design Museum Denmark","robots":{"index":"index","follow":"follow","max-snippet":"max-snippet:-1","max-image-preview":"max-image-preview:large","max-video-preview":"max-video-preview:-1"},"canonical":"https:\/\/designmuseum.dk\/en\/samlinger\/arkiv-dansk-design\/","og_locale":"en_US","og_type":"article","og_title":"Prints and Drawings - Design Museum Denmark","og_description":"The software that runs the archive can no longer be upgraded. We are moving the archive database to a new system. The archive &#8216;Prints and Drawings&#8217; will be available again in a few months. The collections in the archive &#8216;Prints and Drawings&#8217; document the design process that takes place before the finished design &#8211; from [&hellip;]","og_url":"https:\/\/designmuseum.dk\/en\/samlinger\/arkiv-dansk-design\/","og_site_name":"Design Museum Denmark","article_modified_time":"2026-03-06T10:04:14+00:00","twitter_card":"summary_large_image","twitter_misc":{"Est. reading time":"2 minutes"},"schema":{"@context":"https:\/\/schema.org","@graph":[{"@type":"WebPage","@id":"https:\/\/designmuseum.dk\/en\/samlinger\/arkiv-dansk-design\/","url":"https:\/\/designmuseum.dk\/en\/samlinger\/arkiv-dansk-design\/","name":"Prints and Drawings - Design Museum Denmark","isPartOf":{"@id":"https:\/\/designmuseum.dk\/en\/#website"},"datePublished":"2017-02-14T14:30:35+00:00","dateModified":"2026-03-06T10:04:14+00:00","breadcrumb":{"@id":"https:\/\/designmuseum.dk\/en\/samlinger\/arkiv-dansk-design\/#breadcrumb"},"inLanguage":"en-US","potentialAction":[{"@type":"ReadAction","target":["https:\/\/designmuseum.dk\/en\/samlinger\/arkiv-dansk-design\/"]}]},{"@type":"BreadcrumbList","@id":"https:\/\/designmuseum.dk\/en\/samlinger\/arkiv-dansk-design\/#breadcrumb","itemListElement":[{"@type":"ListItem","position":1,"name":"Home","item":"https:\/\/designmuseum.dk\/en\/"},{"@type":"ListItem","position":2,"name":"Samlinger","item":"https:\/\/designmuseum.dk\/en\/samlinger\/"},{"@type":"ListItem","position":3,"name":"Prints and Drawings"}]},{"@type":"WebSite","@id":"https:\/\/designmuseum.dk\/en\/#website","url":"https:\/\/designmuseum.dk\/en\/","name":"Design Museum Denmark","description":"","potentialAction":[{"@type":"SearchAction","target":{"@type":"EntryPoint","urlTemplate":"https:\/\/designmuseum.dk\/en\/?s={search_term_string}"},"query-input":{"@type":"PropertyValueSpecification","valueRequired":true,"valueName":"search_term_string"}}],"inLanguage":"en-US"}]}},"_links":{"self":[{"href":"https:\/\/designmuseum.dk\/en\/wp-json\/wp\/v2\/pages\/510","targetHints":{"allow":["GET"]}}],"collection":[{"href":"https:\/\/designmuseum.dk\/en\/wp-json\/wp\/v2\/pages"}],"about":[{"href":"https:\/\/designmuseum.dk\/en\/wp-json\/wp\/v2\/types\/page"}],"author":[{"embeddable":true,"href":"https:\/\/designmuseum.dk\/en\/wp-json\/wp\/v2\/users\/5"}],"replies":[{"embeddable":true,"href":"https:\/\/designmuseum.dk\/en\/wp-json\/wp\/v2\/comments?post=510"}],"version-history":[{"count":4,"href":"https:\/\/designmuseum.dk\/en\/wp-json\/wp\/v2\/pages\/510\/revisions"}],"predecessor-version":[{"id":9402,"href":"https:\/\/designmuseum.dk\/en\/wp-json\/wp\/v2\/pages\/510\/revisions\/9402"}],"up":[{"embeddable":true,"href":"https:\/\/designmuseum.dk\/en\/wp-json\/wp\/v2\/pages\/70"}],"wp:attachment":[{"href":"https:\/\/designmuseum.dk\/en\/wp-json\/wp\/v2\/media?parent=510"}],"curies":[{"name":"wp","href":"https:\/\/api.w.org\/{rel}","templated":true}]}}