{"id":6620,"date":"2023-08-04T15:02:12","date_gmt":"2023-08-04T13:02:12","guid":{"rendered":"https:\/\/designmuseum.dk\/en\/?page_id=6620"},"modified":"2023-08-15T09:34:15","modified_gmt":"2023-08-15T07:34:15","slug":"press-room-in-the-craftsmanship-the-story-comes-to-life","status":"publish","type":"page","link":"https:\/\/designmuseum.dk\/en\/press-room-in-the-craftsmanship-the-story-comes-to-life\/","title":{"rendered":"PRESS ROOM &#8211; IN THE CRAFTSMANSHIP THE STORY COMES TO LIFE"},"content":{"rendered":"<h3 class=\"vertical-fade__article__heading\">Designmuseum Danmark shows unique editions of book by Haruki Murakami<\/h3>\n<p style=\"font-weight: 400\"><strong>A new exhibition at Designmuseum Danmark explores the relationship between a book&#8217;s narrative and its physical form through a series of handmade editions of the Japanese star author Haruki Murakami <em>What I Talk About When I Talk About Running<\/em>. A unique and years-long collaboration between masters of ancient crafts has preceded the exhibited works, which are shown here for the first time.<\/strong><\/p>\n<p>The softest goatskin, hand-stitched capitals, gold-leaf embossed letters on the front and spine \u2013 and inside a series of hand-drawn illustrations and the author\u2019s signature. In a new, smaller exhibition titled <em>IN THE CRAFTSMANSHIP THE STORY COMES TO LIFE<\/em>, the audience can explore the ancient crafts of bookbinding, letterpress and engraving and gain insight into how the handmade book brings new dimensions and life to a story \u2013 in this case Haruki Murakami&#8217;s philosophical and humorous memoir about running.<\/p>\n<p><strong>An author\u2019s writings about running<br \/>\n<\/strong>In <em>What I Talk About When I Talk About Running<\/em>, published in Japanese in 2007 and in Danish in 2009, Haruki Murakami describes what he feels and thinks about running \u2013 a passion that almost literally runs side by side with Murakami&#8217;s writing and intertwine beautifully in the book. The works in the new exhibition at Designmuseum Danmark show the close relationship between Murakami&#8217;s text about the physical ability of the human body and the text&#8217;s physical &#8216;body&#8217; &#8211; the handmade book.<\/p>\n<p style=\"font-weight: 400\"><strong>State of the art craftmanship<br \/>\n<\/strong>Over a number of years, bookbinder Klara K\u00f6lqvist, who is one of the last bookbinders in Denmark, the renowned engraver Martin M\u00f6rck and printer Erling J\u00f8rgensen have together created the unique editions of Murakami&#8217;s book. The text first passed through the hands of Erling J\u00f8rgensen, who, like the inventor of the art of printing, the German goldsmith Johann Gutenberg, set every single letter by hand. The books are also provided with illustrations, which engraver Martin M\u00f6rck has done with a number of classic printing techniques, and the text is finally bound in the most beautiful way by bookbinder Klara K\u00f6lqvist. The entire process is documented by photographer Jon Nordstr\u00f8m, whose evocative photographs are part of the exhibition.<\/p>\n<p style=\"font-weight: 400\"><strong>Exhibited for the first time<br \/>\n<\/strong>Creative writing is a slow and demanding process \u2013 very similar to the hard physical training for a marathon that Murakami describes in the book. The same is true of the bookbinding profession, where a single book can require a staggering number of working hours in addition to the imagination, skill and persistence of the craftsman. The exhibition <em>IN THE CRAFTSMANSHIP THE STORY COMES TO LIFE<\/em> gives a fascinating look into the artisanal process that precedes the handmade book and examines the relationship between text and book \u2013 content and expression, when the story is brought to life through craft. The series includes 25 books, signed by the author, of which eight are included in the exhibition and are shown here for the first time.<\/p>\n<p style=\"font-weight: 400\"><em>IN THE CRAFTSMANSHIP THE STORY COMES TO LIFE<\/em> is on show at Designmuseum Danmark from 22 August to 24 September 2023.<\/p>\n","protected":false},"excerpt":{"rendered":"<p>Designmuseum Danmark shows unique editions of book by Haruki Murakami A new exhibition at Designmuseum Danmark explores the relationship between a book&#8217;s narrative and its physical form through a series of handmade editions of the Japanese star author Haruki Murakami What I Talk About When I Talk About Running. A unique and years-long collaboration between [&hellip;]<\/p>\n","protected":false},"author":411,"featured_media":0,"parent":0,"menu_order":0,"comment_status":"closed","ping_status":"closed","template":"","meta":{"_acf_changed":false,"footnotes":""},"class_list":["post-6620","page","type-page","status-publish","hentry"],"acf":[],"yoast_head":"<!-- This site is optimized with the Yoast SEO plugin v27.3 - https:\/\/yoast.com\/product\/yoast-seo-wordpress\/ -->\n<title>PRESS ROOM - IN THE CRAFTSMANSHIP THE STORY COMES TO LIFE - Design Museum Denmark<\/title>\n<meta name=\"robots\" content=\"index, follow, max-snippet:-1, max-image-preview:large, max-video-preview:-1\" \/>\n<link rel=\"canonical\" href=\"https:\/\/designmuseum.dk\/en\/press-room-in-the-craftsmanship-the-story-comes-to-life\/\" \/>\n<meta property=\"og:locale\" content=\"en_US\" \/>\n<meta property=\"og:type\" content=\"article\" \/>\n<meta property=\"og:title\" content=\"PRESS ROOM - IN THE CRAFTSMANSHIP THE STORY COMES TO LIFE - Design Museum Denmark\" \/>\n<meta property=\"og:description\" content=\"Designmuseum Danmark shows unique editions of book by Haruki Murakami A new exhibition at Designmuseum Danmark explores the relationship between a book&#8217;s narrative and its physical form through a series of handmade editions of the Japanese star author Haruki Murakami What I Talk About When I Talk About Running. A unique and years-long collaboration between [&hellip;]\" \/>\n<meta property=\"og:url\" content=\"https:\/\/designmuseum.dk\/en\/press-room-in-the-craftsmanship-the-story-comes-to-life\/\" \/>\n<meta property=\"og:site_name\" content=\"Design Museum Denmark\" \/>\n<meta property=\"article:modified_time\" content=\"2023-08-15T07:34:15+00:00\" \/>\n<meta name=\"twitter:card\" content=\"summary_large_image\" \/>\n<meta name=\"twitter:label1\" content=\"Est. reading time\" \/>\n\t<meta name=\"twitter:data1\" content=\"3 minutes\" \/>\n<script type=\"application\/ld+json\" class=\"yoast-schema-graph\">{\"@context\":\"https:\\\/\\\/schema.org\",\"@graph\":[{\"@type\":\"WebPage\",\"@id\":\"https:\\\/\\\/designmuseum.dk\\\/en\\\/press-room-in-the-craftsmanship-the-story-comes-to-life\\\/\",\"url\":\"https:\\\/\\\/designmuseum.dk\\\/en\\\/press-room-in-the-craftsmanship-the-story-comes-to-life\\\/\",\"name\":\"PRESS ROOM - IN THE CRAFTSMANSHIP THE STORY COMES TO LIFE - Design Museum Denmark\",\"isPartOf\":{\"@id\":\"https:\\\/\\\/designmuseum.dk\\\/en\\\/#website\"},\"datePublished\":\"2023-08-04T13:02:12+00:00\",\"dateModified\":\"2023-08-15T07:34:15+00:00\",\"breadcrumb\":{\"@id\":\"https:\\\/\\\/designmuseum.dk\\\/en\\\/press-room-in-the-craftsmanship-the-story-comes-to-life\\\/#breadcrumb\"},\"inLanguage\":\"en-US\",\"potentialAction\":[{\"@type\":\"ReadAction\",\"target\":[\"https:\\\/\\\/designmuseum.dk\\\/en\\\/press-room-in-the-craftsmanship-the-story-comes-to-life\\\/\"]}]},{\"@type\":\"BreadcrumbList\",\"@id\":\"https:\\\/\\\/designmuseum.dk\\\/en\\\/press-room-in-the-craftsmanship-the-story-comes-to-life\\\/#breadcrumb\",\"itemListElement\":[{\"@type\":\"ListItem\",\"position\":1,\"name\":\"Home\",\"item\":\"https:\\\/\\\/designmuseum.dk\\\/en\\\/\"},{\"@type\":\"ListItem\",\"position\":2,\"name\":\"PRESS ROOM &#8211; IN THE CRAFTSMANSHIP THE STORY COMES TO LIFE\"}]},{\"@type\":\"WebSite\",\"@id\":\"https:\\\/\\\/designmuseum.dk\\\/en\\\/#website\",\"url\":\"https:\\\/\\\/designmuseum.dk\\\/en\\\/\",\"name\":\"Design Museum Denmark\",\"description\":\"\",\"potentialAction\":[{\"@type\":\"SearchAction\",\"target\":{\"@type\":\"EntryPoint\",\"urlTemplate\":\"https:\\\/\\\/designmuseum.dk\\\/en\\\/?s={search_term_string}\"},\"query-input\":{\"@type\":\"PropertyValueSpecification\",\"valueRequired\":true,\"valueName\":\"search_term_string\"}}],\"inLanguage\":\"en-US\"}]}<\/script>\n<!-- \/ Yoast SEO plugin. -->","yoast_head_json":{"title":"PRESS ROOM - IN THE CRAFTSMANSHIP THE STORY COMES TO LIFE - Design Museum Denmark","robots":{"index":"index","follow":"follow","max-snippet":"max-snippet:-1","max-image-preview":"max-image-preview:large","max-video-preview":"max-video-preview:-1"},"canonical":"https:\/\/designmuseum.dk\/en\/press-room-in-the-craftsmanship-the-story-comes-to-life\/","og_locale":"en_US","og_type":"article","og_title":"PRESS ROOM - IN THE CRAFTSMANSHIP THE STORY COMES TO LIFE - Design Museum Denmark","og_description":"Designmuseum Danmark shows unique editions of book by Haruki Murakami A new exhibition at Designmuseum Danmark explores the relationship between a book&#8217;s narrative and its physical form through a series of handmade editions of the Japanese star author Haruki Murakami What I Talk About When I Talk About Running. A unique and years-long collaboration between [&hellip;]","og_url":"https:\/\/designmuseum.dk\/en\/press-room-in-the-craftsmanship-the-story-comes-to-life\/","og_site_name":"Design Museum Denmark","article_modified_time":"2023-08-15T07:34:15+00:00","twitter_card":"summary_large_image","twitter_misc":{"Est. reading time":"3 minutes"},"schema":{"@context":"https:\/\/schema.org","@graph":[{"@type":"WebPage","@id":"https:\/\/designmuseum.dk\/en\/press-room-in-the-craftsmanship-the-story-comes-to-life\/","url":"https:\/\/designmuseum.dk\/en\/press-room-in-the-craftsmanship-the-story-comes-to-life\/","name":"PRESS ROOM - IN THE CRAFTSMANSHIP THE STORY COMES TO LIFE - Design Museum Denmark","isPartOf":{"@id":"https:\/\/designmuseum.dk\/en\/#website"},"datePublished":"2023-08-04T13:02:12+00:00","dateModified":"2023-08-15T07:34:15+00:00","breadcrumb":{"@id":"https:\/\/designmuseum.dk\/en\/press-room-in-the-craftsmanship-the-story-comes-to-life\/#breadcrumb"},"inLanguage":"en-US","potentialAction":[{"@type":"ReadAction","target":["https:\/\/designmuseum.dk\/en\/press-room-in-the-craftsmanship-the-story-comes-to-life\/"]}]},{"@type":"BreadcrumbList","@id":"https:\/\/designmuseum.dk\/en\/press-room-in-the-craftsmanship-the-story-comes-to-life\/#breadcrumb","itemListElement":[{"@type":"ListItem","position":1,"name":"Home","item":"https:\/\/designmuseum.dk\/en\/"},{"@type":"ListItem","position":2,"name":"PRESS ROOM &#8211; IN THE CRAFTSMANSHIP THE STORY COMES TO LIFE"}]},{"@type":"WebSite","@id":"https:\/\/designmuseum.dk\/en\/#website","url":"https:\/\/designmuseum.dk\/en\/","name":"Design Museum Denmark","description":"","potentialAction":[{"@type":"SearchAction","target":{"@type":"EntryPoint","urlTemplate":"https:\/\/designmuseum.dk\/en\/?s={search_term_string}"},"query-input":{"@type":"PropertyValueSpecification","valueRequired":true,"valueName":"search_term_string"}}],"inLanguage":"en-US"}]}},"_links":{"self":[{"href":"https:\/\/designmuseum.dk\/en\/wp-json\/wp\/v2\/pages\/6620","targetHints":{"allow":["GET"]}}],"collection":[{"href":"https:\/\/designmuseum.dk\/en\/wp-json\/wp\/v2\/pages"}],"about":[{"href":"https:\/\/designmuseum.dk\/en\/wp-json\/wp\/v2\/types\/page"}],"author":[{"embeddable":true,"href":"https:\/\/designmuseum.dk\/en\/wp-json\/wp\/v2\/users\/411"}],"replies":[{"embeddable":true,"href":"https:\/\/designmuseum.dk\/en\/wp-json\/wp\/v2\/comments?post=6620"}],"version-history":[{"count":0,"href":"https:\/\/designmuseum.dk\/en\/wp-json\/wp\/v2\/pages\/6620\/revisions"}],"wp:attachment":[{"href":"https:\/\/designmuseum.dk\/en\/wp-json\/wp\/v2\/media?parent=6620"}],"curies":[{"name":"wp","href":"https:\/\/api.w.org\/{rel}","templated":true}]}}