{"id":6937,"date":"2024-01-25T11:37:46","date_gmt":"2024-01-25T10:37:46","guid":{"rendered":"https:\/\/designmuseum.dk\/en\/?page_id=6937"},"modified":"2024-06-28T13:48:20","modified_gmt":"2024-06-28T11:48:20","slug":"pressroom_danish-modern","status":"publish","type":"page","link":"https:\/\/designmuseum.dk\/en\/pressroom_danish-modern\/","title":{"rendered":"PRESS ROOM &#8211; DANISH MODERN"},"content":{"rendered":"<p><strong>Danish design is world-famous, but who were the great Danish designers of the 20th century and how did the Danish design adventure begin? Designmuseum Danmark unfolds the history of Danish design from the 1920s to the 1970s in a new, spectacular exhibition under the title <em>DANISH MODERN<\/em>. The new permanent exhibition shows some of the most iconic Danish design objects and shines a light on some of the clich\u00e9s of &#8216;Danish Modern&#8217;.<\/strong><\/p>\n<p>What is special about a B\u00f8rge Mogensen sofa, a Verner Panton lamp or a Hans J. Wegner chair? This is explored in the exhibition <em>DANISH MODERN<\/em>, which invites the audience on a design journey from furniture professor Kaare Klint&#8217;s &#8216;Room for a Woman&#8217;, over Finn Juhl&#8217;s organic and elegant furniture to Verner Panton and Nanna Ditzel&#8217;s avant-garde pop designs: In short, a fascinating journey through everything we now know as Danish design icons \u2013 mixed with unknown designs by well-known designers.<\/p>\n<p><strong>Danish Modern on the World Map<\/strong><br \/>\nThe foundation for Danish Modern was laid in 1949 at Copenhagen Carpenters\u2019 Guild\u2019s annual exhibition at Designmuseum Danmark \u2013 then the Museum of Decorative Art \u2013 an exhibition created in collaboration with a number of Danish furniture designers. American journalists visited the exhibition and wrote about the furniture and how Danish chairs combined beauty, comfort and minimalism as a result of the designers&#8217; innovative methods and a Danish tradition of good craftsmanship. A series of traveling exhibitions in the USA and Canada in the 1950s and 60s initiated an enormous Scandinavian export of furniture and craftsmanship \u2013 the success and the Danish Modern brand was a reality.<\/p>\n<p><strong>Danish Chairs from Floor to Ceiling<\/strong><br \/>\nIn the new exhibition at Designmuseum Danmark, the audience moves from room to room through the immersive exhibition design, which stages the different eras and designers. At the center of the exhibition, the various designers in Danish design history are displayed, separated by walls in different shapes reminiscent of the backdrop in a theatre. Here, the audience can get close to the designers who designed Danish Modern through their personal belongings, drawings, and archive material. The exhibition also features a pop universe with a mirrored ceiling and red carpets dedicated to the playful and brightly colored pop designs of Nanna Ditzel and Verner Panton.<\/p>\n<p><em>DANISH MODERN<\/em>\u00a0also brings back the popular \u2018chair tunnel\u2019 in a new, larger version with 125 chairs \u2013 with highlights and unknown chairs \u2013 from floor to ceiling. It tells the story of how Danish furniture draws inspiration from historical types from other countries. The chair tunnel is like a family tree of chair \u2018relationships\u2019 and includes chairs from both Danish and international designers \u2013 Hans J. Wegner, Arne Jacobsen, Nanna Ditzel, Cecilie Manz, Charles Eames, Marcel Breuer, and Jasper Morrison.<\/p>\n<p>Experience designs by Rigmor Andersen, Mogens Koch, Ole Wanscher, B\u00f8rge Mogensen, Lis Ahlman, Grethe Meyer, Kay Bojesen, Gertrud Vasegaard, Poul Kj\u00e6rholm, Hans J. Wegner, Finn Juhl, Arne Jacobsen, Henning Koppel, Per L\u00fctken, Axel Salto, Poul Henningsen, and many more.<\/p>\n<p><em>DANISH MODERN<\/em> opened on 7 June 2024.<\/p>\n","protected":false},"excerpt":{"rendered":"<p>Danish design is world-famous, but who were the great Danish designers of the 20th century and how did the Danish design adventure begin? Designmuseum Danmark unfolds the history of Danish design from the 1920s to the 1970s in a new, spectacular exhibition under the title DANISH MODERN. The new permanent exhibition shows some of the [&hellip;]<\/p>\n","protected":false},"author":411,"featured_media":0,"parent":0,"menu_order":0,"comment_status":"closed","ping_status":"closed","template":"","meta":{"_acf_changed":false,"footnotes":""},"class_list":["post-6937","page","type-page","status-publish","hentry"],"acf":[],"yoast_head":"<!-- This site is optimized with the Yoast SEO plugin v27.5 - https:\/\/yoast.com\/product\/yoast-seo-wordpress\/ -->\n<title>PRESS ROOM - DANISH MODERN - Design Museum Denmark<\/title>\n<meta name=\"robots\" content=\"index, follow, max-snippet:-1, max-image-preview:large, max-video-preview:-1\" \/>\n<link rel=\"canonical\" href=\"https:\/\/designmuseum.dk\/en\/pressroom_danish-modern\/\" \/>\n<meta property=\"og:locale\" content=\"en_US\" \/>\n<meta property=\"og:type\" content=\"article\" \/>\n<meta property=\"og:title\" content=\"PRESS ROOM - DANISH MODERN - Design Museum Denmark\" \/>\n<meta property=\"og:description\" content=\"Danish design is world-famous, but who were the great Danish designers of the 20th century and how did the Danish design adventure begin? Designmuseum Danmark unfolds the history of Danish design from the 1920s to the 1970s in a new, spectacular exhibition under the title DANISH MODERN. The new permanent exhibition shows some of the [&hellip;]\" \/>\n<meta property=\"og:url\" content=\"https:\/\/designmuseum.dk\/en\/pressroom_danish-modern\/\" \/>\n<meta property=\"og:site_name\" content=\"Design Museum Denmark\" \/>\n<meta property=\"article:modified_time\" content=\"2024-06-28T11:48:20+00:00\" \/>\n<meta name=\"twitter:card\" content=\"summary_large_image\" \/>\n<meta name=\"twitter:label1\" content=\"Est. reading time\" \/>\n\t<meta name=\"twitter:data1\" content=\"3 minutes\" \/>\n<script type=\"application\/ld+json\" class=\"yoast-schema-graph\">{\"@context\":\"https:\\\/\\\/schema.org\",\"@graph\":[{\"@type\":\"WebPage\",\"@id\":\"https:\\\/\\\/designmuseum.dk\\\/en\\\/pressroom_danish-modern\\\/\",\"url\":\"https:\\\/\\\/designmuseum.dk\\\/en\\\/pressroom_danish-modern\\\/\",\"name\":\"PRESS ROOM - DANISH MODERN - Design Museum Denmark\",\"isPartOf\":{\"@id\":\"https:\\\/\\\/designmuseum.dk\\\/en\\\/#website\"},\"datePublished\":\"2024-01-25T10:37:46+00:00\",\"dateModified\":\"2024-06-28T11:48:20+00:00\",\"breadcrumb\":{\"@id\":\"https:\\\/\\\/designmuseum.dk\\\/en\\\/pressroom_danish-modern\\\/#breadcrumb\"},\"inLanguage\":\"en-US\",\"potentialAction\":[{\"@type\":\"ReadAction\",\"target\":[\"https:\\\/\\\/designmuseum.dk\\\/en\\\/pressroom_danish-modern\\\/\"]}]},{\"@type\":\"BreadcrumbList\",\"@id\":\"https:\\\/\\\/designmuseum.dk\\\/en\\\/pressroom_danish-modern\\\/#breadcrumb\",\"itemListElement\":[{\"@type\":\"ListItem\",\"position\":1,\"name\":\"Home\",\"item\":\"https:\\\/\\\/designmuseum.dk\\\/en\\\/\"},{\"@type\":\"ListItem\",\"position\":2,\"name\":\"PRESS ROOM &#8211; DANISH MODERN\"}]},{\"@type\":\"WebSite\",\"@id\":\"https:\\\/\\\/designmuseum.dk\\\/en\\\/#website\",\"url\":\"https:\\\/\\\/designmuseum.dk\\\/en\\\/\",\"name\":\"Design Museum Denmark\",\"description\":\"\",\"potentialAction\":[{\"@type\":\"SearchAction\",\"target\":{\"@type\":\"EntryPoint\",\"urlTemplate\":\"https:\\\/\\\/designmuseum.dk\\\/en\\\/?s={search_term_string}\"},\"query-input\":{\"@type\":\"PropertyValueSpecification\",\"valueRequired\":true,\"valueName\":\"search_term_string\"}}],\"inLanguage\":\"en-US\"}]}<\/script>\n<!-- \/ Yoast SEO plugin. -->","yoast_head_json":{"title":"PRESS ROOM - DANISH MODERN - Design Museum Denmark","robots":{"index":"index","follow":"follow","max-snippet":"max-snippet:-1","max-image-preview":"max-image-preview:large","max-video-preview":"max-video-preview:-1"},"canonical":"https:\/\/designmuseum.dk\/en\/pressroom_danish-modern\/","og_locale":"en_US","og_type":"article","og_title":"PRESS ROOM - DANISH MODERN - Design Museum Denmark","og_description":"Danish design is world-famous, but who were the great Danish designers of the 20th century and how did the Danish design adventure begin? Designmuseum Danmark unfolds the history of Danish design from the 1920s to the 1970s in a new, spectacular exhibition under the title DANISH MODERN. The new permanent exhibition shows some of the [&hellip;]","og_url":"https:\/\/designmuseum.dk\/en\/pressroom_danish-modern\/","og_site_name":"Design Museum Denmark","article_modified_time":"2024-06-28T11:48:20+00:00","twitter_card":"summary_large_image","twitter_misc":{"Est. reading time":"3 minutes"},"schema":{"@context":"https:\/\/schema.org","@graph":[{"@type":"WebPage","@id":"https:\/\/designmuseum.dk\/en\/pressroom_danish-modern\/","url":"https:\/\/designmuseum.dk\/en\/pressroom_danish-modern\/","name":"PRESS ROOM - DANISH MODERN - Design Museum Denmark","isPartOf":{"@id":"https:\/\/designmuseum.dk\/en\/#website"},"datePublished":"2024-01-25T10:37:46+00:00","dateModified":"2024-06-28T11:48:20+00:00","breadcrumb":{"@id":"https:\/\/designmuseum.dk\/en\/pressroom_danish-modern\/#breadcrumb"},"inLanguage":"en-US","potentialAction":[{"@type":"ReadAction","target":["https:\/\/designmuseum.dk\/en\/pressroom_danish-modern\/"]}]},{"@type":"BreadcrumbList","@id":"https:\/\/designmuseum.dk\/en\/pressroom_danish-modern\/#breadcrumb","itemListElement":[{"@type":"ListItem","position":1,"name":"Home","item":"https:\/\/designmuseum.dk\/en\/"},{"@type":"ListItem","position":2,"name":"PRESS ROOM &#8211; DANISH MODERN"}]},{"@type":"WebSite","@id":"https:\/\/designmuseum.dk\/en\/#website","url":"https:\/\/designmuseum.dk\/en\/","name":"Design Museum Denmark","description":"","potentialAction":[{"@type":"SearchAction","target":{"@type":"EntryPoint","urlTemplate":"https:\/\/designmuseum.dk\/en\/?s={search_term_string}"},"query-input":{"@type":"PropertyValueSpecification","valueRequired":true,"valueName":"search_term_string"}}],"inLanguage":"en-US"}]}},"_links":{"self":[{"href":"https:\/\/designmuseum.dk\/en\/wp-json\/wp\/v2\/pages\/6937","targetHints":{"allow":["GET"]}}],"collection":[{"href":"https:\/\/designmuseum.dk\/en\/wp-json\/wp\/v2\/pages"}],"about":[{"href":"https:\/\/designmuseum.dk\/en\/wp-json\/wp\/v2\/types\/page"}],"author":[{"embeddable":true,"href":"https:\/\/designmuseum.dk\/en\/wp-json\/wp\/v2\/users\/411"}],"replies":[{"embeddable":true,"href":"https:\/\/designmuseum.dk\/en\/wp-json\/wp\/v2\/comments?post=6937"}],"version-history":[{"count":0,"href":"https:\/\/designmuseum.dk\/en\/wp-json\/wp\/v2\/pages\/6937\/revisions"}],"wp:attachment":[{"href":"https:\/\/designmuseum.dk\/en\/wp-json\/wp\/v2\/media?parent=6937"}],"curies":[{"name":"wp","href":"https:\/\/api.w.org\/{rel}","templated":true}]}}